{"id":345,"date":"2019-03-12T15:33:47","date_gmt":"2019-03-12T15:33:47","guid":{"rendered":"https:\/\/avadawebsites.wpengine.com\/food\/?page_id=345"},"modified":"2025-10-29T21:53:26","modified_gmt":"2025-10-29T20:53:26","slug":"ueber-uns","status":"publish","type":"page","link":"https:\/\/getraenke-luginsland.de\/home\/ueber-uns\/","title":{"rendered":"\u00dcber uns"},"content":{"rendered":"<p><div class=\"fusion-fullwidth fullwidth-box fusion-builder-row-1 fusion-flex-container nonhundred-percent-fullwidth non-hundred-percent-height-scrolling\" style=\"--awb-border-radius-top-left:0px;--awb-border-radius-top-right:0px;--awb-border-radius-bottom-right:0px;--awb-border-radius-bottom-left:0px;--awb-padding-top:25px;--awb-margin-bottom:50px;--awb-flex-wrap:wrap;\" ><div class=\"fusion-builder-row fusion-row fusion-flex-align-items-flex-start fusion-flex-content-wrap\" style=\"max-width:1248px;margin-left: calc(-4% \/ 2 );margin-right: calc(-4% \/ 2 );\"><\/div><\/div><div class=\"fusion-fullwidth fullwidth-box fusion-builder-row-2 fusion-flex-container has-pattern-background has-mask-background nonhundred-percent-fullwidth non-hundred-percent-height-scrolling\" style=\"--awb-border-radius-top-left:0px;--awb-border-radius-top-right:0px;--awb-border-radius-bottom-right:0px;--awb-border-radius-bottom-left:0px;--awb-flex-wrap:wrap;\" ><div class=\"fusion-builder-row fusion-row fusion-flex-align-items-flex-start fusion-flex-content-wrap\" style=\"max-width:1248px;margin-left: calc(-4% \/ 2 );margin-right: calc(-4% \/ 2 );\"><div class=\"fusion-layout-column fusion_builder_column fusion-builder-column-0 fusion_builder_column_1_1 1_1 fusion-flex-column\" style=\"--awb-bg-size:cover;--awb-width-large:100%;--awb-margin-top-large:10px;--awb-spacing-right-large:1.92%;--awb-margin-bottom-large:10px;--awb-spacing-left-large:1.92%;--awb-width-medium:100%;--awb-order-medium:0;--awb-spacing-right-medium:1.92%;--awb-spacing-left-medium:1.92%;--awb-width-small:100%;--awb-order-small:0;--awb-spacing-right-small:1.92%;--awb-spacing-left-small:1.92%;\"><div class=\"fusion-column-wrapper fusion-column-has-shadow fusion-flex-justify-content-flex-start fusion-content-layout-column\"><div class=\"fusion-text fusion-text-1\"><p>1986 hat sich Klaus Luginsland mit dem Getr\u00e4nkemarkt in M\u00f6tzingen selbstst\u00e4ndig gemacht.<br \/>\nFast 20 Jahre sp\u00e4ter hat er sein Hobby ein zweites Mal zum Beruf gemacht und seinen eigenen Modellbahnshop in den Getr\u00e4nkemarkt integriert.<\/p>\n<p>2002 sind wir in die GEDIG eingetreten, was eine s\u00fcddeutsche Fachgro\u00dfhandelskooperation im Getr\u00e4nkehandel ist.<br \/>\nDie GEDIG und GEFAKO sind im Jahr 2022 fusioniert. Rund 200 selbstst\u00e4ndige Getr\u00e4nkeh\u00e4ndlern sind hier Mitglied.<\/p>\n<p>Unser Getr\u00e4nkemarkt befindet sich in M\u00f6tzingen, in der Zeppelinstra\u00dfe 16, auf einer Fl\u00e4che von 600 m\u00b2.<br \/>\nUnser Lager mit ca 360 m\u00b2 befindet sich ebenfalls hier.<\/p>\n<p>Besuchen Sie uns in M\u00f6tzingen &#8211; Ob f\u00fcr den w\u00f6chentlichen Einkauf oder die Planung Ihres n\u00e4chsten Festes \u2013 wir freuen uns auf Ihren Besuch und stehen Ihnen jederzeit mit Rat und Tat zur Seite.<\/p>\n<\/div><\/div><\/div><\/div><\/div><\/p>\n","protected":false},"excerpt":{"rendered":"","protected":false},"author":1,"featured_media":0,"parent":0,"menu_order":0,"comment_status":"closed","ping_status":"closed","template":"100-width.php","meta":{"footnotes":""},"class_list":["post-345","page","type-page","status-publish","hentry"],"_links":{"self":[{"href":"https:\/\/getraenke-luginsland.de\/home\/wp-json\/wp\/v2\/pages\/345","targetHints":{"allow":["GET"]}}],"collection":[{"href":"https:\/\/getraenke-luginsland.de\/home\/wp-json\/wp\/v2\/pages"}],"about":[{"href":"https:\/\/getraenke-luginsland.de\/home\/wp-json\/wp\/v2\/types\/page"}],"author":[{"embeddable":true,"href":"https:\/\/getraenke-luginsland.de\/home\/wp-json\/wp\/v2\/users\/1"}],"replies":[{"embeddable":true,"href":"https:\/\/getraenke-luginsland.de\/home\/wp-json\/wp\/v2\/comments?post=345"}],"version-history":[{"count":6,"href":"https:\/\/getraenke-luginsland.de\/home\/wp-json\/wp\/v2\/pages\/345\/revisions"}],"predecessor-version":[{"id":2993,"href":"https:\/\/getraenke-luginsland.de\/home\/wp-json\/wp\/v2\/pages\/345\/revisions\/2993"}],"wp:attachment":[{"href":"https:\/\/getraenke-luginsland.de\/home\/wp-json\/wp\/v2\/media?parent=345"}],"curies":[{"name":"wp","href":"https:\/\/api.w.org\/{rel}","templated":true}]}}